{"id":3796,"date":"2025-01-09T16:47:59","date_gmt":"2025-01-09T15:47:59","guid":{"rendered":"https:\/\/vleeshandelvens.be\/product\/cotes-levees-marinees\/"},"modified":"2025-01-09T16:47:59","modified_gmt":"2025-01-09T15:47:59","slug":"cotes-levees-marinees","status":"publish","type":"product","link":"https:\/\/vleeshandelvens.be\/fr\/produit\/cotes-levees-marinees\/","title":{"rendered":"C\u00f4tes lev\u00e9es marin\u00e9es"},"content":{"rendered":"","protected":false},"excerpt":{"rendered":"<p><em>1 latte de c\u00f4tes p\u00e8se environ 650 g<\/em><\/p>\n","protected":false},"featured_media":3266,"template":"","meta":[],"product_brand":[],"product_cat":[120,119],"product_tag":[],"dagpromoties":[],"class_list":{"0":"post-3796","1":"product","2":"type-product","3":"status-publish","4":"has-post-thumbnail","6":"product_cat-assortiment-fr","7":"product_cat-bbq-fr","9":"first","10":"instock","11":"taxable","12":"shipping-taxable","13":"purchasable","14":"product-type-simple"},"exclude_global_add_ons":false,"addons":[{"name":"Remarques","type":"custom_textarea","position":0,"required":false,"title_format":"label","default":"","description_enable":false,"description":"","placeholder_enable":true,"placeholder":"Avez-vous des demandes sp\u00e9ciales ?","display":"select","restrictions_type":"any_text","adjust_price":false,"price":"","price_type":"flat_fee","restrictions":false,"min":"0","max":"0","options":[],"id":1737020480}],"_links":{"self":[{"href":"https:\/\/vleeshandelvens.be\/fr\/wp-json\/wp\/v2\/product\/3796","targetHints":{"allow":["GET"]}}],"collection":[{"href":"https:\/\/vleeshandelvens.be\/fr\/wp-json\/wp\/v2\/product"}],"about":[{"href":"https:\/\/vleeshandelvens.be\/fr\/wp-json\/wp\/v2\/types\/product"}],"wp:featuredmedia":[{"embeddable":true,"href":"https:\/\/vleeshandelvens.be\/fr\/wp-json\/wp\/v2\/media\/3266"}],"wp:attachment":[{"href":"https:\/\/vleeshandelvens.be\/fr\/wp-json\/wp\/v2\/media?parent=3796"}],"wp:term":[{"taxonomy":"product_brand","embeddable":true,"href":"https:\/\/vleeshandelvens.be\/fr\/wp-json\/wp\/v2\/product_brand?post=3796"},{"taxonomy":"product_cat","embeddable":true,"href":"https:\/\/vleeshandelvens.be\/fr\/wp-json\/wp\/v2\/product_cat?post=3796"},{"taxonomy":"product_tag","embeddable":true,"href":"https:\/\/vleeshandelvens.be\/fr\/wp-json\/wp\/v2\/product_tag?post=3796"},{"taxonomy":"dagpromoties","embeddable":true,"href":"https:\/\/vleeshandelvens.be\/fr\/wp-json\/wp\/v2\/dagpromoties?post=3796"}],"curies":[{"name":"wp","href":"https:\/\/api.w.org\/{rel}","templated":true}]}}