{"id":4192,"date":"2025-01-09T15:39:01","date_gmt":"2025-01-09T14:39:01","guid":{"rendered":"https:\/\/vleeshandelvens.be\/product\/carre-dagneau-marine-2\/"},"modified":"2025-01-09T15:39:01","modified_gmt":"2025-01-09T14:39:01","slug":"carre-dagneau-marine-2","status":"publish","type":"product","link":"https:\/\/vleeshandelvens.be\/fr\/produit\/carre-dagneau-marine-2\/","title":{"rendered":"Carr\u00e9 d&rsquo;agneau marin\u00e9"},"content":{"rendered":"","protected":false},"excerpt":{"rendered":"<p><em>1 carr\u00e9 d&rsquo;agneau p\u00e8se environ 500 g<\/em><\/p>\n<p><em>il peut \u00eatre obtenu nature ou marin\u00e9, \u00e0 pr\u00e9ciser dans les commentaires<\/em><\/p>\n","protected":false},"featured_media":2870,"template":"","meta":[],"product_brand":[],"product_cat":[111,106],"product_tag":[],"dagpromoties":[],"class_list":{"0":"post-4192","1":"product","2":"type-product","3":"status-publish","4":"has-post-thumbnail","6":"product_cat-agneau","7":"product_cat-viande-fraiche","9":"first","10":"instock","11":"taxable","12":"shipping-taxable","13":"purchasable","14":"product-type-simple"},"exclude_global_add_ons":false,"addons":[{"name":"Remarques","type":"custom_textarea","position":0,"required":false,"title_format":"label","default":"","description_enable":false,"description":"","placeholder_enable":true,"placeholder":"Avez-vous des demandes sp\u00e9ciales ?","display":"select","restrictions_type":"any_text","adjust_price":false,"price":"","price_type":"flat_fee","restrictions":false,"min":"0","max":"0","options":[],"id":1737020480}],"_links":{"self":[{"href":"https:\/\/vleeshandelvens.be\/fr\/wp-json\/wp\/v2\/product\/4192","targetHints":{"allow":["GET"]}}],"collection":[{"href":"https:\/\/vleeshandelvens.be\/fr\/wp-json\/wp\/v2\/product"}],"about":[{"href":"https:\/\/vleeshandelvens.be\/fr\/wp-json\/wp\/v2\/types\/product"}],"wp:featuredmedia":[{"embeddable":true,"href":"https:\/\/vleeshandelvens.be\/fr\/wp-json\/wp\/v2\/media\/2870"}],"wp:attachment":[{"href":"https:\/\/vleeshandelvens.be\/fr\/wp-json\/wp\/v2\/media?parent=4192"}],"wp:term":[{"taxonomy":"product_brand","embeddable":true,"href":"https:\/\/vleeshandelvens.be\/fr\/wp-json\/wp\/v2\/product_brand?post=4192"},{"taxonomy":"product_cat","embeddable":true,"href":"https:\/\/vleeshandelvens.be\/fr\/wp-json\/wp\/v2\/product_cat?post=4192"},{"taxonomy":"product_tag","embeddable":true,"href":"https:\/\/vleeshandelvens.be\/fr\/wp-json\/wp\/v2\/product_tag?post=4192"},{"taxonomy":"dagpromoties","embeddable":true,"href":"https:\/\/vleeshandelvens.be\/fr\/wp-json\/wp\/v2\/dagpromoties?post=4192"}],"curies":[{"name":"wp","href":"https:\/\/api.w.org\/{rel}","templated":true}]}}